{"id":46,"date":"2017-12-15T16:15:16","date_gmt":"2017-12-15T15:15:16","guid":{"rendered":"http:\/\/entreprendrexxl.be\/?page_id=46"},"modified":"2024-12-09T04:28:49","modified_gmt":"2024-12-09T03:28:49","slug":"contact","status":"publish","type":"page","link":"https:\/\/entreprendrexxl.be\/fr\/contact\/","title":{"rendered":"Contact"},"content":{"rendered":"<p>[vc_row][vc_column width=\u00a0\u00bb1\/3&Prime;][vc_gmaps link=\u00a0\u00bb#E-8_JTNDaWZyYW1lJTIwc3JjJTNEJTIyaHR0cHMlM0ElMkYlMkZ3d3cuZ29vZ2xlLmNvbSUyRm1hcHMlMkZlbWJlZCUzRnBiJTNEJTIxMW0xOCUyMTFtMTIlMjExbTMlMjExZDI1MTkuNzA2ODMyOTQ0NjU4JTIxMmQ0LjM2Mzg1NTExNTcxMjEyNiUyMTNkNTAuODM2NTkzOTc5NTMwNDglMjEybTMlMjExZjAlMjEyZjAlMjEzZjAlMjEzbTIlMjExaTEwMjQlMjEyaTc2OCUyMTRmMTMuMSUyMTNtMyUyMTFtMiUyMTFzMHg0N2MzYzQ4Zjc4ZGUzYzE1JTI1M0EweDgwYzI2YjQ2N2E4Y2QzZGIlMjEyc0NoYXVzcyUyNUMzJTI1QTllJTI1MjBkZSUyNTIwV2F2cmUlMjUyMDgzJTI1MkMlMjUyMDEwNTAlMjUyMEl4ZWxsZXMlMjE1ZTAlMjEzbTIlMjExc2ZyJTIxMnNiZSUyMTR2MTYxMDExOTcxMDM0NiUyMTVtMiUyMTFzZnIlMjEyc2JlJTIyJTIwd2lkdGglM0QlMjI2MDAlMjIlMjBoZWlnaHQlM0QlMjI0NTAlMjIlMjBmcmFtZWJvcmRlciUzRCUyMjAlMjIlMjBzdHlsZSUzRCUyMmJvcmRlciUzQTAlM0IlMjIlMjBhbGxvd2Z1bGxzY3JlZW4lM0QlMjIlMjIlMjBhcmlhLWhpZGRlbiUzRCUyMmZhbHNlJTIyJTIwdGFiaW5kZXglM0QlMjIwJTIyJTNFJTNDJTJGaWZyYW1lJTNF\u00a0\u00bb][\/vc_column][vc_column width=\u00a0\u00bb2\/3&Prime;][vc_column_text]Vous avez un projet et vous souhaitez le d\u00e9velopper ?<\/p>\n<p>Vous \u00eates commer\u00e7ant-e\/habitant-e du p\u00e9rim\u00e8tre et souhaitez nous faire part de vos besoins, vos id\u00e9es\u2026<\/p>\n<p>Vous \u00eates une structure d\u2019accompagnement aux entrepreneurs\/ses, vous souhaitez collaborer au projet de l\u2019ASBL Entreprendre XXL ?<\/p>\n<p>Contactez-nous : xxl.entreprendre[@]ixelles.brussels \u2013 0490 52 24 17<\/p>\n<p>Vous avez un projet qui n\u2019est pas en lien avec l\u2019\u00e9conomie circulaire et durable mais se situe sur la commune d\u2019Ixelles ?<\/p>\n<p>Contactez le Guichet Entreprendre au 0800 85 587 de 9h \u00e0 12h du lundi au vendredi ou entreprendre[@]ixelles.brussels[\/vc_column_text][\/vc_column][\/vc_row][vc_row][vc_column][vc_column_text]<\/p>\n<p style=\"text-align: center;\">Inscrivez-vous \u00e0 notre Newsletter !<\/p>\n<p style=\"text-align: center;\"><script>(function() {\n\twindow.mc4wp = window.mc4wp || {\n\t\tlisteners: [],\n\t\tforms: {\n\t\t\ton: function(evt, cb) {\n\t\t\t\twindow.mc4wp.listeners.push(\n\t\t\t\t\t{\n\t\t\t\t\t\tevent   : evt,\n\t\t\t\t\t\tcallback: cb\n\t\t\t\t\t}\n\t\t\t\t);\n\t\t\t}\n\t\t}\n\t}\n})();\n<\/script><!-- Mailchimp for WordPress v4.9.21 - https:\/\/wordpress.org\/plugins\/mailchimp-for-wp\/ --><form id=\"mc4wp-form-1\" class=\"mc4wp-form mc4wp-form-966\" method=\"post\" data-id=\"966\" data-name=\"Newsletter\" ><div class=\"mc4wp-form-fields\"><p>\r\n    <label>Pr\u00e9nom<\/label>\r\n    <input type=\"text\" name=\"FNAME\" placeholder=\"Pr\u00e9nom\">\r\n<\/p>\r\n<p>\r\n    <label>Nom<\/label>\r\n    <input type=\"text\" name=\"LNAME\" placeholder=\"Nom\">\r\n<\/p>\r\n<p>\r\n\t<label>E-mail<\/label>\r\n\t\t<input type=\"email\" name=\"EMAIL\" placeholder=\"Votre adresse de courrier \u00e9lectronique\" required \/>\r\n<\/p>\r\n\r\n<p>\r\n\t<input type=\"submit\" value=\"Abonnez-vous\" \/>\r\n<\/p><\/div><label style=\"display: none !important;\">Laissez ce champ vide si vous \u00eates humain\u00a0: <input type=\"text\" name=\"_mc4wp_honeypot\" value=\"\" tabindex=\"-1\" autocomplete=\"off\" \/><\/label><input type=\"hidden\" name=\"_mc4wp_timestamp\" value=\"1776513082\" \/><input type=\"hidden\" name=\"_mc4wp_form_id\" value=\"966\" \/><input type=\"hidden\" name=\"_mc4wp_form_element_id\" value=\"mc4wp-form-1\" \/><div class=\"mc4wp-response\"><\/div><\/form><!-- \/ Mailchimp for WordPress Plugin --><\/p>\n<p>[\/vc_column_text][\/vc_column][\/vc_row]<\/p>\n","protected":false},"excerpt":{"rendered":"<p>[vc_row][vc_column width=\u00a0\u00bb1\/3&Prime;][vc_gmaps link=\u00a0\u00bb#E-8_JTNDaWZyYW1lJTIwc3JjJTNEJTIyaHR0cHMlM0ElMkYlMkZ3d3cuZ29vZ2xlLmNvbSUyRm1hcHMlMkZlbWJlZCUzRnBiJTNEJTIxMW0xOCUyMTFtMTIlMjExbTMlMjExZDI1MTkuNzA2ODMyOTQ0NjU4JTIxMmQ0LjM2Mzg1NTExNTcxMjEyNiUyMTNkNTAuODM2NTkzOTc5NTMwNDglMjEybTMlMjExZjAlMjEyZjAlMjEzZjAlMjEzbTIlMjExaTEwMjQlMjEyaTc2OCUyMTRmMTMuMSUyMTNtMyUyMTFtMiUyMTFzMHg0N2MzYzQ4Zjc4ZGUzYzE1JTI1M0EweDgwYzI2YjQ2N2E4Y2QzZGIlMjEyc0NoYXVzcyUyNUMzJTI1QTllJTI1MjBkZSUyNTIwV2F2cmUlMjUyMDgzJTI1MkMlMjUyMDEwNTAlMjUyMEl4ZWxsZXMlMjE1ZTAlMjEzbTIlMjExc2ZyJTIxMnNiZSUyMTR2MTYxMDExOTcxMDM0NiUyMTVtMiUyMTFzZnIlMjEyc2JlJTIyJTIwd2lkdGglM0QlMjI2MDAlMjIlMjBoZWlnaHQlM0QlMjI0NTAlMjIlMjBmcmFtZWJvcmRlciUzRCUyMjAlMjIlMjBzdHlsZSUzRCUyMmJvcmRlciUzQTAlM0IlMjIlMjBhbGxvd2Z1bGxzY3JlZW4lM0QlMjIlMjIlMjBhcmlhLWhpZGRlbiUzRCUyMmZhbHNlJTIyJTIwdGFiaW5kZXglM0QlMjIwJTIyJTNFJTNDJTJGaWZyYW1lJTNF\u00a0\u00bb][\/vc_column][vc_column width=\u00a0\u00bb2\/3&Prime;][vc_column_text]Vous avez un projet et vous souhaitez le d\u00e9velopper ? Vous \u00eates commer\u00e7ant-e\/habitant-e du p\u00e9rim\u00e8tre et souhaitez nous faire part de vos besoins, vos id\u00e9es\u2026 Vous \u00eates une structure d\u2019accompagnement aux entrepreneurs\/ses, vous souhaitez collaborer au projet de l\u2019ASBL Entreprendre XXL ? Contactez-nous : xxl.entreprendre[@]ixelles.brussels \u2013 0490 52 24 17 Vous avez [&hellip;]<\/p>\n","protected":false},"author":1,"featured_media":0,"parent":0,"menu_order":0,"comment_status":"closed","ping_status":"closed","template":"","meta":{"footnotes":""},"class_list":["post-46","page","type-page","status-publish","hentry"],"_links":{"self":[{"href":"https:\/\/entreprendrexxl.be\/fr\/wp-json\/wp\/v2\/pages\/46","targetHints":{"allow":["GET"]}}],"collection":[{"href":"https:\/\/entreprendrexxl.be\/fr\/wp-json\/wp\/v2\/pages"}],"about":[{"href":"https:\/\/entreprendrexxl.be\/fr\/wp-json\/wp\/v2\/types\/page"}],"author":[{"embeddable":true,"href":"https:\/\/entreprendrexxl.be\/fr\/wp-json\/wp\/v2\/users\/1"}],"replies":[{"embeddable":true,"href":"https:\/\/entreprendrexxl.be\/fr\/wp-json\/wp\/v2\/comments?post=46"}],"version-history":[{"count":36,"href":"https:\/\/entreprendrexxl.be\/fr\/wp-json\/wp\/v2\/pages\/46\/revisions"}],"predecessor-version":[{"id":1337,"href":"https:\/\/entreprendrexxl.be\/fr\/wp-json\/wp\/v2\/pages\/46\/revisions\/1337"}],"wp:attachment":[{"href":"https:\/\/entreprendrexxl.be\/fr\/wp-json\/wp\/v2\/media?parent=46"}],"curies":[{"name":"wp","href":"https:\/\/api.w.org\/{rel}","templated":true}]}}