{"id":40,"date":"2017-12-15T16:14:48","date_gmt":"2017-12-15T15:14:48","guid":{"rendered":"http:\/\/entreprendrexxl.be\/?page_id=40"},"modified":"2025-06-20T15:26:25","modified_gmt":"2025-06-20T13:26:25","slug":"a-propos","status":"publish","type":"page","link":"https:\/\/entreprendrexxl.be\/fr\/a-propos\/","title":{"rendered":"A propos"},"content":{"rendered":"<p>[vc_row][vc_column][vc_column_text]<\/p>\n<h2 style=\"text-align: justify;\"><span style=\"color: #456d63;\"><img loading=\"lazy\" decoding=\"async\" class=\"size-medium wp-image-729 alignleft\" style=\"color: #222222; font-family: Verdana, Geneva, sans-serif; font-size: 15px;\" src=\"https:\/\/entreprendrexxl.be\/wp-content\/uploads\/2020\/06\/entreprendrexxl_fr_loho-300x225.png\" alt=\"\" width=\"300\" height=\"225\" srcset=\"https:\/\/entreprendrexxl.be\/wp-content\/uploads\/2020\/06\/entreprendrexxl_fr_loho-300x225.png 300w, https:\/\/entreprendrexxl.be\/wp-content\/uploads\/2020\/06\/entreprendrexxl_fr_loho-768x576.png 768w, https:\/\/entreprendrexxl.be\/wp-content\/uploads\/2020\/06\/entreprendrexxl_fr_loho-80x60.png 80w, https:\/\/entreprendrexxl.be\/wp-content\/uploads\/2020\/06\/entreprendrexxl_fr_loho-265x198.png 265w, https:\/\/entreprendrexxl.be\/wp-content\/uploads\/2020\/06\/entreprendrexxl_fr_loho-696x522.png 696w, https:\/\/entreprendrexxl.be\/wp-content\/uploads\/2020\/06\/entreprendrexxl_fr_loho-560x420.png 560w, https:\/\/entreprendrexxl.be\/wp-content\/uploads\/2020\/06\/entreprendrexxl_fr_loho.png 800w\" sizes=\"auto, (max-width: 300px) 100vw, 300px\" \/>Qui sommes-nous ?<\/span><\/h2>\n<p>L\u2019ASBL Entreprendre XXL est une initiative de la cellule Commerce et D\u00e9veloppement \u00e9conomique de la Commune d\u2019Ixelles.[\/vc_column_text][\/vc_column][\/vc_row][vc_row][vc_column][vc_column_text]<\/p>\n<h2 style=\"text-align: justify;\"><span style=\"color: #456d63;\">Mission<\/span><\/h2>\n<p>L\u2019ASBL Entreprendre XXL a pour mission de soutenir les entrepreneuses et entrepreneurs qui s\u2019inscrivent dans une \u00e9conomie circulaire. L\u2019ASBL veut \u00e9galement mettre en avant les femmes entrepreneuses. Pour rappel, seuls 28% des ind\u00e9pendants sont des femmes \u00e0 Bruxelles.<\/p>\n<p>L\u2019ASBL permet d\u2019\u00e9tablir un r\u00e9seau local de sensibilisation \u00e0 l\u2019entrepreneuriat durable et d\u2019aide au d\u00e9veloppement de projets \u00e9conomiques, passant par l\u2019accompagnement et l\u2019autonomisation des entrepreneurs\/ses futur-e-s et confirm\u00e9-e-s. Avec ses partenaires, l\u2019ASBL met en place une plateforme de partage d\u2019exp\u00e9riences entre actrices et acteurs de l\u2019entrepreneuriat durable et organise des ateliers, conf\u00e9rences et workshops \u00e0 destination des porteu.ses.rs de projets et des commer\u00e7ants. Elle vise aussi \u00e0 mettre en place les diff\u00e9rentes politiques en vue de promouvoir un commerce mixte et de qualit\u00e9.<\/p>\n<p>Diff\u00e9rentes activit\u00e9s sont propos\u00e9es tout au long de l\u2019ann\u00e9e au sein de l\u2019ASBL ou chez les partenaires.<\/p>\n<p>L\u2019ASBL a donn\u00e9 naissance, d\u00e9but 2020, au <a href=\"https:\/\/www.w83.be\">W83 \u00b7 Local Test Shop<\/a>, incubateur commercial en \u00e9conomie durable et circulaire.[\/vc_column_text][\/vc_column][\/vc_row][vc_row][vc_column][vc_column_text]<\/p>\n<h2 style=\"text-align: justify;\"><span style=\"color: #456d63;\">Notre Vision<\/span><\/h2>\n<ul style=\"text-align: justify;\">\n<li>Contribuer \u00e0 un changement de mod\u00e8le \u00e9conomique\u00a0: vers une \u00e9conomie durable, respectueuse de la plan\u00e8te, des travailleuses\/travailleurs et accessible au plus grand nombre\u00a0;<\/li>\n<li>Stimuler la cr\u00e9ation, y compris en open source\u00a0;<\/li>\n<li>Am\u00e9liorer la visibilit\u00e9 de l\u2019entrepreneuriat f\u00e9minin\u00a0;<\/li>\n<li>Renforcer les synergies et compl\u00e9mentarit\u00e9s entre les structures d\u2019accompagnement.<\/li>\n<\/ul>\n<p>[\/vc_column_text][\/vc_column][\/vc_row][vc_row][vc_column width=\u00a0\u00bb1\/2&Prime;][vc_gmaps link=\u00a0\u00bb#E-8_JTNDaWZyYW1lJTIwc3JjJTNEJTIyaHR0cHMlM0ElMkYlMkZ3d3cuZ29vZ2xlLmNvbSUyRm1hcHMlMkZlbWJlZCUzRnBiJTNEJTIxMW0xOCUyMTFtMTIlMjExbTMlMjExZDI1MTkuNzA2ODMyOTQ0NjUyJTIxMmQ0LjM2Mzg1NTExNTU2NDY3NiUyMTNkNTAuODM2NTkzOTc5NTMwNDglMjEybTMlMjExZjAlMjEyZjAlMjEzZjAlMjEzbTIlMjExaTEwMjQlMjEyaTc2OCUyMTRmMTMuMSUyMTNtMyUyMTFtMiUyMTFzMHg0N2MzYzQ4Zjc4ZGUzYzE1JTI1M0EweDgwYzI2YjQ2N2E4Y2QzZGIlMjEyc0NoYXVzcyUyNUMzJTI1QTllJTI1MjBkZSUyNTIwV2F2cmUlMjUyMDgzJTI1MkMlMjUyMDEwNTAlMjUyMEl4ZWxsZXMlMjE1ZTAlMjEzbTIlMjExc2ZyJTIxMnNiZSUyMTR2MTYxMDExNjQzMTMyNyUyMTVtMiUyMTFzZnIlMjEyc2JlJTIyJTIwd2lkdGglM0QlMjI2MDAlMjIlMjBoZWlnaHQlM0QlMjI0NTAlMjIlMjBmcmFtZWJvcmRlciUzRCUyMjAlMjIlMjBzdHlsZSUzRCUyMmJvcmRlciUzQTAlM0IlMjIlMjBhbGxvd2Z1bGxzY3JlZW4lM0QlMjIlMjIlMjBhcmlhLWhpZGRlbiUzRCUyMmZhbHNlJTIyJTIwdGFiaW5kZXglM0QlMjIwJTIyJTNFJTNDJTJGaWZyYW1lJTNF\u00a0\u00bb][\/vc_column][vc_column width=\u00a0\u00bb1\/2&Prime;][vc_column_text]<\/p>\n<h2 style=\"text-align: justify;\"><span style=\"color: #456d63;\">Notre p\u00e9rim\u00e8tre d&rsquo;action<\/span><\/h2>\n<p>A l\u2019origine, l\u2019\u2019ASBL Entreprendre XXL avait pour mission le d\u00e9veloppement de projets \u00e9conomiques au sein du seul p\u00e9rim\u00e8tre du contrat de quartier Ath\u00e9n\u00e9e. Aujourd\u2019hui, Entreprendre XXL \u00e9tend son action \u00e0 l\u2019ensemble du territoire communal. Entreprendre XXL\u00a0propose son soutien et accompagnement, en partenariat avec d\u2019autres structures, aux porteurs.euses de projets d\u00e9sireux.ses de d\u00e9velopper ou p\u00e9renniser leur activit\u00e9.<\/p>\n<p>Vous avez un projet \u00e0 nous pr\u00e9senter ? Des questions \u00e0 nous poser ? Contactez-nous au\u00a00490 52 24 17\u00a0ou \u00e0 l\u2019adresse\u00a0xxl.entreprendre[@]ixelles.brussels[\/vc_column_text][\/vc_column][\/vc_row][vc_row][vc_column][vc_column_text]<\/p>\n<h2 style=\"text-align: justify;\"><span style=\"color: #456d63;\">Rapports annuels<\/span><\/h2>\n<p><a href=\"https:\/\/entreprendrexxl.be\/wp-content\/uploads\/2021\/10\/Rapport-annuel-Transparence-2020.pdf\">Rapport annuel Transparence 2020<\/a><\/p>\n<p><a href=\"https:\/\/entreprendrexxl.be\/wp-content\/uploads\/2022\/02\/Rapport-annuel-Transparence-2021.pdf\">Rapport annuel Transparence 2021<\/a><\/p>\n<p><a href=\"https:\/\/entreprendrexxl.be\/wp-content\/uploads\/2023\/02\/Rapport-annuel-Transparence-2022.pdf\">Rapport annuel Transparence 2022<\/a><\/p>\n<p><a href=\"https:\/\/entreprendrexxl.be\/wp-content\/uploads\/2024\/07\/Rapport-annuel-Transparence-2023.pdf\">Rapport annuel Transparence 2023<\/a><\/p>\n<p><a href=\"https:\/\/entreprendrexxl.be\/wp-content\/uploads\/2025\/06\/Rapport-annuel-Transparence-2024.pdf\">Rapport annuel Transparence 2024<\/a>[\/vc_column_text][\/vc_column][\/vc_row]<\/p>\n","protected":false},"excerpt":{"rendered":"<p>[vc_row][vc_column][vc_column_text] Qui sommes-nous ? L\u2019ASBL Entreprendre XXL est une initiative de la cellule Commerce et D\u00e9veloppement \u00e9conomique de la Commune d\u2019Ixelles.[\/vc_column_text][\/vc_column][\/vc_row][vc_row][vc_column][vc_column_text] Mission L\u2019ASBL Entreprendre XXL a pour mission de soutenir les entrepreneuses et entrepreneurs qui s\u2019inscrivent dans une \u00e9conomie circulaire. L\u2019ASBL veut \u00e9galement mettre en avant les femmes entrepreneuses. Pour rappel, seuls 28% des ind\u00e9pendants [&hellip;]<\/p>\n","protected":false},"author":1,"featured_media":0,"parent":0,"menu_order":0,"comment_status":"closed","ping_status":"closed","template":"","meta":{"footnotes":""},"class_list":["post-40","page","type-page","status-publish","hentry"],"_links":{"self":[{"href":"https:\/\/entreprendrexxl.be\/fr\/wp-json\/wp\/v2\/pages\/40","targetHints":{"allow":["GET"]}}],"collection":[{"href":"https:\/\/entreprendrexxl.be\/fr\/wp-json\/wp\/v2\/pages"}],"about":[{"href":"https:\/\/entreprendrexxl.be\/fr\/wp-json\/wp\/v2\/types\/page"}],"author":[{"embeddable":true,"href":"https:\/\/entreprendrexxl.be\/fr\/wp-json\/wp\/v2\/users\/1"}],"replies":[{"embeddable":true,"href":"https:\/\/entreprendrexxl.be\/fr\/wp-json\/wp\/v2\/comments?post=40"}],"version-history":[{"count":69,"href":"https:\/\/entreprendrexxl.be\/fr\/wp-json\/wp\/v2\/pages\/40\/revisions"}],"predecessor-version":[{"id":1386,"href":"https:\/\/entreprendrexxl.be\/fr\/wp-json\/wp\/v2\/pages\/40\/revisions\/1386"}],"wp:attachment":[{"href":"https:\/\/entreprendrexxl.be\/fr\/wp-json\/wp\/v2\/media?parent=40"}],"curies":[{"name":"wp","href":"https:\/\/api.w.org\/{rel}","templated":true}]}}