{"id":18,"date":"2017-12-15T15:04:59","date_gmt":"2017-12-15T14:04:59","guid":{"rendered":"http:\/\/entreprendrexxl.be\/?page_id=18"},"modified":"2025-09-12T09:48:22","modified_gmt":"2025-09-12T07:48:22","slug":"accueil","status":"publish","type":"page","link":"https:\/\/entreprendrexxl.be\/fr\/","title":{"rendered":"Accueil"},"content":{"rendered":"<p>[vc_row full_width=\u00a0\u00bbstretch_row\u00a0\u00bb full_height=\u00a0\u00bbyes\u00a0\u00bb css=\u00a0\u00bb.vc_custom_1513783051567{margin-top: -50px !important;}\u00a0\u00bb][vc_column][vc_images_carousel images=\u00a0\u00bb733,509,256&Prime; img_size=\u00a0\u00bbfull\u00a0\u00bb onclick=\u00a0\u00bblink_no\u00a0\u00bb autoplay=\u00a0\u00bbyes\u00a0\u00bb hide_pagination_control=\u00a0\u00bbyes\u00a0\u00bb wrap=\u00a0\u00bbyes\u00a0\u00bb][\/vc_column][\/vc_row][vc_row full_height=\u00a0\u00bbyes\u00a0\u00bb equal_height=\u00a0\u00bbyes\u00a0\u00bb content_placement=\u00a0\u00bbmiddle\u00a0\u00bb css=\u00a0\u00bb.vc_custom_1513783175177{margin-top: -50px !important;padding-top: 10px !important;padding-bottom: 10px !important;}\u00a0\u00bb][vc_column][vc_empty_space][vc_custom_heading text=\u00a0\u00bb- QUI SOMMES-NOUS &#8211;\u00a0\u00bb font_container=\u00a0\u00bbtag:h1|font_size:30px|text_align:center|line_height:2%20px\u00a0\u00bb google_fonts=\u00a0\u00bbfont_family:Dosis%3A200%2C300%2Cregular%2C500%2C600%2C700%2C800|font_style:600%20bold%20regular%3A600%3Anormal\u00a0\u00bb css_animation=\u00a0\u00bbbounceInDown\u00a0\u00bb][vc_empty_space][vc_row_inner][vc_column_inner][vc_column_text]L\u2019ASBL Entreprendre XXL est une ASBL communale d\u00e9pendant du service Commerce et D\u00e9veloppement \u00e9conomique de la commune d\u2019Ixelles.<\/p>\n<p>Son objectif\u00a0? Soutenir l\u2019entrepreneuriat et les porteuses et porteurs de projets dans le d\u00e9veloppement et la gestion de leurs activit\u00e9s. Entreprendre XXL veut aussi valoriser toute entreprise s\u2019inscrivant dans un d\u00e9veloppement durable et une approche d\u2019\u00e9conomie circulaire, centr\u00e9e sur le territoire.<\/p>\n<p>L\u2019ASBL organise, entre autres, avec ses partenaires, des ateliers et formations ouverts \u00e0 tous : sur l&rsquo;entrepreneuriat au f\u00e9minin, l\u2019\u00e9conomie circulaire, l\u2019\u00e9laboration d\u2019un business plan, la communication dans le cadre d\u2019un projet entrepreneurial&#8230;<\/p>\n<p><strong>Entreprendre XXL lance r\u00e9guli\u00e8rement des <a href=\"https:\/\/entreprendrexxl.be\/fr\/w83local-test-shop\/\">appels \u00e0 candidatures<\/a> pour l\u2019occupation du <a href=\"https:\/\/entreprendrexxl.be\/fr\/w83local-test-shop\/\">W83 \u00b7 Local Test Shop<\/a>, incubateur commercial en \u00e9conomie durable et circulaire, n\u2019h\u00e9sitez pas \u00e0 vous inscrire \u00e0 notre newsletter et \u00e0 suivre nos r\u00e9seaux sociaux pour \u00eatre inform\u00e9.e du prochain appel !<br \/>\n<\/strong><\/p>\n<p>Pour toute information compl\u00e9mentaire, <a href=\"http:\/\/entreprendrexxl.be\/fr\/contact\/\">contactez-nous<\/a> !<\/p>\n<p>Au plaisir d\u2019entreprendre \u00e0 vos c\u00f4t\u00e9s\u00a0!<\/p>\n<p>&nbsp;<\/p>\n<p><a href=\"https:\/\/www.facebook.com\/EntreprendreXXLOndernemen\/?modal=admin_todo_tour\"><img loading=\"lazy\" decoding=\"async\" class=\"wp-image-663 alignleft\" src=\"http:\/\/entreprendrexxl.be\/wp-content\/uploads\/2019\/12\/fb-logo-300x261.jpg\" alt=\"\" width=\"85\" height=\"74\" \/><\/a><\/p>\n<div class=\"td-paragraph-padding-4\">\n<p><a href=\"http:\/\/w83.be\/\"><img loading=\"lazy\" decoding=\"async\" class=\"alignnone wp-image-755\" src=\"https:\/\/entreprendrexxl.be\/wp-content\/uploads\/2020\/09\/Logo_W83@4x-300x182.png\" alt=\"\" width=\"127\" height=\"77\" srcset=\"https:\/\/entreprendrexxl.be\/wp-content\/uploads\/2020\/09\/Logo_W83@4x-300x182.png 300w, https:\/\/entreprendrexxl.be\/wp-content\/uploads\/2020\/09\/Logo_W83@4x-356x220.png 356w, https:\/\/entreprendrexxl.be\/wp-content\/uploads\/2020\/09\/Logo_W83@4x.png 568w\" sizes=\"auto, (max-width: 127px) 100vw, 127px\" \/><\/a><\/p>\n<\/div>\n<p>[\/vc_column_text][vc_btn title=\u00a0\u00bbEn savoir plus sur la mission d\u2019Entreprendre XXL\u00a0\u00bb style=\u00a0\u00bbcustom\u00a0\u00bb custom_background=\u00a0\u00bb#456d63&Prime; custom_text=\u00a0\u00bb#ffffff\u00a0\u00bb size=\u00a0\u00bbsm\u00a0\u00bb align=\u00a0\u00bbcenter\u00a0\u00bb button_block=\u00a0\u00bbtrue\u00a0\u00bb link=\u00a0\u00bburl:http%3A%2F%2Fentreprendrexxl.be%2Fa-propos%2F|||\u00a0\u00bb][\/vc_column_inner][\/vc_row_inner][\/vc_column][\/vc_row][vc_row full_height=\u00a0\u00bbyes\u00a0\u00bb equal_height=\u00a0\u00bbyes\u00a0\u00bb][vc_column][vc_custom_heading text=\u00a0\u00bb- QUELQUES NOUVELLES &#8211;\u00a0\u00bb font_container=\u00a0\u00bbtag:h1|font_size:30px|text_align:center|line_height:2%20px\u00a0\u00bb google_fonts=\u00a0\u00bbfont_family:Dosis%3A200%2C300%2Cregular%2C500%2C600%2C700%2C800|font_style:500%20bold%20regular%3A500%3Anormal\u00a0\u00bb css_animation=\u00a0\u00bbbounceInDown\u00a0\u00bb link=\u00a0\u00bburl:https%3A%2F%2Fentreprendrexxl.be%2Ffr%2Fixelles-dynamise-les-cellules-commerciales-vides%2F|title:Ixelles%20dynamise%20les%20cellules%20commerciales%20vides||\u00a0\u00bb][vc_empty_space]<div class=\"td_block_wrap td_block_big_grid_5 td_uid_1_69fb249725d51_rand td-grid-style-1 td-hover-1 td-big-grids td-pb-border-top td_block_template_2\"  data-td-block-uid=\"td_uid_1_69fb249725d51\" ><div id=td_uid_1_69fb249725d51 class=\"td_block_inner\"><div class=\"clearfix\"><\/div><\/div><\/div> <!-- .\/block -->[vc_empty_space][vc_btn title=\u00a0\u00bbInformez-vous sur les activit\u00e9s d&rsquo;Entreprendre XXL !\u00a0\u00bb style=\u00a0\u00bbcustom\u00a0\u00bb custom_background=\u00a0\u00bb#456d63&Prime; custom_text=\u00a0\u00bb#ffffff\u00a0\u00bb size=\u00a0\u00bbsm\u00a0\u00bb align=\u00a0\u00bbcenter\u00a0\u00bb button_block=\u00a0\u00bbtrue\u00a0\u00bb link=\u00a0\u00bburl:http%3A%2F%2Fentreprendrexxl.be%2Fnouvelles%2F|||\u00a0\u00bb][\/vc_column][\/vc_row][vc_row full_width=\u00a0\u00bbstretch_row\u00a0\u00bb full_height=\u00a0\u00bbyes\u00a0\u00bb content_placement=\u00a0\u00bbmiddle\u00a0\u00bb parallax=\u00a0\u00bbcontent-moving\u00a0\u00bb css=\u00a0\u00bb.vc_custom_1513774561221{background-color: #ffffff !important;}\u00a0\u00bb][vc_column][vc_custom_heading text=\u00a0\u00bb- NOS PARTENAIRES &#8211;\u00a0\u00bb font_container=\u00a0\u00bbtag:h1|font_size:30px|text_align:center|line_height:2%20px\u00a0\u00bb google_fonts=\u00a0\u00bbfont_family:Dosis%3A200%2C300%2Cregular%2C500%2C600%2C700%2C800|font_style:500%20bold%20regular%3A500%3Anormal\u00a0\u00bb css_animation=\u00a0\u00bbbounceInDown\u00a0\u00bb][vc_empty_space]<div class=\"td_block_wrap td_block_16 td_uid_2_69fb249728295_rand td-pb-border-top td_block_template_2 td-column-1 td_block_padding\"  data-td-block-uid=\"td_uid_2_69fb249728295\" ><script>var block_td_uid_2_69fb249728295 = new tdBlock();\nblock_td_uid_2_69fb249728295.id = \"td_uid_2_69fb249728295\";\nblock_td_uid_2_69fb249728295.atts = '{\"limit\":\"10\",\"sort\":\"oldest_posts\",\"post_ids\":\"\",\"tag_slug\":\"\",\"autors_id\":\"\",\"installed_post_types\":\"\",\"category_id\":\"4\",\"category_ids\":\"4, 10\",\"custom_title\":\"\",\"custom_url\":\"\",\"show_child_cat\":\"\",\"sub_cat_ajax\":\"\",\"ajax_pagination\":\"\",\"header_color\":\"\",\"header_text_color\":\"\",\"ajax_pagination_infinite_stop\":\"\",\"td_column_number\":1,\"td_ajax_preloading\":\"\",\"td_ajax_filter_type\":\"\",\"td_ajax_filter_ids\":\"\",\"td_filter_default_txt\":\"Alle\",\"color_preset\":\"\",\"border_top\":\"\",\"class\":\"td_uid_2_69fb249728295_rand\",\"el_class\":\"\",\"offset\":\"\",\"css\":\"\",\"tdc_css\":\"\",\"tdc_css_class\":\"td_uid_2_69fb249728295_rand\",\"tdc_css_class_style\":\"td_uid_2_69fb249728295_rand_style\",\"live_filter\":\"\",\"live_filter_cur_post_id\":\"\",\"live_filter_cur_post_author\":\"\",\"block_template_id\":\"\"}';\nblock_td_uid_2_69fb249728295.td_column_number = \"1\";\nblock_td_uid_2_69fb249728295.block_type = \"td_block_16\";\nblock_td_uid_2_69fb249728295.post_count = \"10\";\nblock_td_uid_2_69fb249728295.found_posts = \"17\";\nblock_td_uid_2_69fb249728295.header_color = \"\";\nblock_td_uid_2_69fb249728295.ajax_pagination_infinite_stop = \"\";\nblock_td_uid_2_69fb249728295.max_num_pages = \"2\";\ntdBlocksArray.push(block_td_uid_2_69fb249728295);\n<\/script><div class=\"td-block-title-wrap\"><\/div><div id=td_uid_2_69fb249728295 class=\"td_block_inner td-column-1\">\n\n\t<div class=\"td-block-span12\">\n\r\n        <div class=\"td_module_6 td_module_wrap td-animation-stack td-meta-info-hide\">\r\n\r\n        <div class=\"td-module-thumb\"><a href=\"https:\/\/entreprendrexxl.be\/fr\/women-in-business\/\" rel=\"bookmark\" title=\"Women in Business\"><img loading=\"lazy\" decoding=\"async\" width=\"100\" height=\"70\" class=\"entry-thumb\" src=\"https:\/\/entreprendrexxl.be\/wp-content\/uploads\/2017\/12\/womeninbusiness-1-100x70.jpg\" srcset=\"https:\/\/entreprendrexxl.be\/wp-content\/uploads\/2017\/12\/womeninbusiness-1-100x70.jpg 100w, https:\/\/entreprendrexxl.be\/wp-content\/uploads\/2017\/12\/womeninbusiness-1-218x150.jpg 218w\" sizes=\"auto, (max-width: 100px) 100vw, 100px\" alt=\"\" title=\"Women in Business\"\/><\/a><\/div>\r\n        <div class=\"item-details\">\r\n            <h3 class=\"entry-title td-module-title\"><a href=\"https:\/\/entreprendrexxl.be\/fr\/women-in-business\/\" rel=\"bookmark\" title=\"Women in Business\">Women in Business<\/a><\/h3>            <div class=\"td-module-meta-info\">\r\n                                                                            <\/div>\r\n        <\/div>\r\n\r\n        <\/div>\r\n\r\n        \n\t<\/div> <!-- .\/td-block-span12 -->\n\n\t<div class=\"td-block-span12\">\n\r\n        <div class=\"td_module_6 td_module_wrap td-animation-stack td-meta-info-hide\">\r\n\r\n        <div class=\"td-module-thumb\"><a href=\"https:\/\/entreprendrexxl.be\/fr\/gel-dansaert\/\" rel=\"bookmark\" title=\"GEL Dansaert\"><img loading=\"lazy\" decoding=\"async\" width=\"100\" height=\"70\" class=\"entry-thumb\" src=\"https:\/\/entreprendrexxl.be\/wp-content\/uploads\/2017\/12\/geleconomielocale-1-100x70.jpg\" srcset=\"https:\/\/entreprendrexxl.be\/wp-content\/uploads\/2017\/12\/geleconomielocale-1-100x70.jpg 100w, https:\/\/entreprendrexxl.be\/wp-content\/uploads\/2017\/12\/geleconomielocale-1-218x150.jpg 218w\" sizes=\"auto, (max-width: 100px) 100vw, 100px\" alt=\"\" title=\"GEL Dansaert\"\/><\/a><\/div>\r\n        <div class=\"item-details\">\r\n            <h3 class=\"entry-title td-module-title\"><a href=\"https:\/\/entreprendrexxl.be\/fr\/gel-dansaert\/\" rel=\"bookmark\" title=\"GEL Dansaert\">GEL Dansaert<\/a><\/h3>            <div class=\"td-module-meta-info\">\r\n                                                                            <\/div>\r\n        <\/div>\r\n\r\n        <\/div>\r\n\r\n        \n\t<\/div> <!-- .\/td-block-span12 -->\n\n\t<div class=\"td-block-span12\">\n\r\n        <div class=\"td_module_6 td_module_wrap td-animation-stack td-meta-info-hide\">\r\n\r\n        <div class=\"td-module-thumb\"><a href=\"https:\/\/entreprendrexxl.be\/fr\/gel-entreprendre\/\" rel=\"bookmark\" title=\"Guichet Entreprendre\u00a0\"><img loading=\"lazy\" decoding=\"async\" width=\"100\" height=\"70\" class=\"entry-thumb\" src=\"https:\/\/entreprendrexxl.be\/wp-content\/uploads\/2017\/12\/guichet-entreprendre-100x70.jpg\" srcset=\"https:\/\/entreprendrexxl.be\/wp-content\/uploads\/2017\/12\/guichet-entreprendre-100x70.jpg 100w, https:\/\/entreprendrexxl.be\/wp-content\/uploads\/2017\/12\/guichet-entreprendre-218x150.jpg 218w\" sizes=\"auto, (max-width: 100px) 100vw, 100px\" alt=\"\" title=\"Guichet Entreprendre\u00a0\"\/><\/a><\/div>\r\n        <div class=\"item-details\">\r\n            <h3 class=\"entry-title td-module-title\"><a href=\"https:\/\/entreprendrexxl.be\/fr\/gel-entreprendre\/\" rel=\"bookmark\" title=\"Guichet Entreprendre\u00a0\">Guichet Entreprendre\u00a0<\/a><\/h3>            <div class=\"td-module-meta-info\">\r\n                                                                            <\/div>\r\n        <\/div>\r\n\r\n        <\/div>\r\n\r\n        \n\t<\/div> <!-- .\/td-block-span12 -->\n\n\t<div class=\"td-block-span12\">\n\r\n        <div class=\"td_module_6 td_module_wrap td-animation-stack td-meta-info-hide\">\r\n\r\n        <div class=\"td-module-thumb\"><a href=\"https:\/\/entreprendrexxl.be\/fr\/groupe-one\/\" rel=\"bookmark\" title=\"Groupe One\"><img loading=\"lazy\" decoding=\"async\" width=\"100\" height=\"70\" class=\"entry-thumb\" src=\"https:\/\/entreprendrexxl.be\/wp-content\/uploads\/2017\/12\/GroupeOne-1-100x70.png\" srcset=\"https:\/\/entreprendrexxl.be\/wp-content\/uploads\/2017\/12\/GroupeOne-1-100x70.png 100w, https:\/\/entreprendrexxl.be\/wp-content\/uploads\/2017\/12\/GroupeOne-1-218x150.png 218w\" sizes=\"auto, (max-width: 100px) 100vw, 100px\" alt=\"\" title=\"Groupe One\"\/><\/a><\/div>\r\n        <div class=\"item-details\">\r\n            <h3 class=\"entry-title td-module-title\"><a href=\"https:\/\/entreprendrexxl.be\/fr\/groupe-one\/\" rel=\"bookmark\" title=\"Groupe One\">Groupe One<\/a><\/h3>            <div class=\"td-module-meta-info\">\r\n                                                                            <\/div>\r\n        <\/div>\r\n\r\n        <\/div>\r\n\r\n        \n\t<\/div> <!-- .\/td-block-span12 -->\n\n\t<div class=\"td-block-span12\">\n\r\n        <div class=\"td_module_6 td_module_wrap td-animation-stack td-meta-info-hide\">\r\n\r\n        <div class=\"td-module-thumb\"><a href=\"https:\/\/entreprendrexxl.be\/fr\/jobyourself\/\" rel=\"bookmark\" title=\"JobYourself\"><img loading=\"lazy\" decoding=\"async\" width=\"100\" height=\"70\" class=\"entry-thumb\" src=\"https:\/\/entreprendrexxl.be\/wp-content\/uploads\/2021\/01\/2021-02-02-JobYourself-100x70.jpg\" srcset=\"https:\/\/entreprendrexxl.be\/wp-content\/uploads\/2021\/01\/2021-02-02-JobYourself-100x70.jpg 100w, https:\/\/entreprendrexxl.be\/wp-content\/uploads\/2021\/01\/2021-02-02-JobYourself-300x214.jpg 300w, https:\/\/entreprendrexxl.be\/wp-content\/uploads\/2021\/01\/2021-02-02-JobYourself-218x150.jpg 218w, https:\/\/entreprendrexxl.be\/wp-content\/uploads\/2021\/01\/2021-02-02-JobYourself-696x497.jpg 696w, https:\/\/entreprendrexxl.be\/wp-content\/uploads\/2021\/01\/2021-02-02-JobYourself.jpg 700w, https:\/\/entreprendrexxl.be\/wp-content\/uploads\/2021\/01\/2021-02-02-JobYourself-588x420.jpg 588w\" sizes=\"auto, (max-width: 100px) 100vw, 100px\" alt=\"\" title=\"JobYourself\"\/><\/a><\/div>\r\n        <div class=\"item-details\">\r\n            <h3 class=\"entry-title td-module-title\"><a href=\"https:\/\/entreprendrexxl.be\/fr\/jobyourself\/\" rel=\"bookmark\" title=\"JobYourself\">JobYourself<\/a><\/h3>            <div class=\"td-module-meta-info\">\r\n                                                                            <\/div>\r\n        <\/div>\r\n\r\n        <\/div>\r\n\r\n        \n\t<\/div> <!-- .\/td-block-span12 -->\n\n\t<div class=\"td-block-span12\">\n\r\n        <div class=\"td_module_6 td_module_wrap td-animation-stack td-meta-info-hide\">\r\n\r\n        <div class=\"td-module-thumb\"><a href=\"https:\/\/entreprendrexxl.be\/fr\/coopcity\/\" rel=\"bookmark\" title=\"CoopCity\"><img loading=\"lazy\" decoding=\"async\" width=\"100\" height=\"70\" class=\"entry-thumb\" src=\"https:\/\/entreprendrexxl.be\/wp-content\/uploads\/2021\/01\/2021-02-02-Coopcity-2-100x70.jpg\" srcset=\"https:\/\/entreprendrexxl.be\/wp-content\/uploads\/2021\/01\/2021-02-02-Coopcity-2-100x70.jpg 100w, https:\/\/entreprendrexxl.be\/wp-content\/uploads\/2021\/01\/2021-02-02-Coopcity-2-300x214.jpg 300w, https:\/\/entreprendrexxl.be\/wp-content\/uploads\/2021\/01\/2021-02-02-Coopcity-2-218x150.jpg 218w, https:\/\/entreprendrexxl.be\/wp-content\/uploads\/2021\/01\/2021-02-02-Coopcity-2-696x497.jpg 696w, https:\/\/entreprendrexxl.be\/wp-content\/uploads\/2021\/01\/2021-02-02-Coopcity-2.jpg 700w, https:\/\/entreprendrexxl.be\/wp-content\/uploads\/2021\/01\/2021-02-02-Coopcity-2-588x420.jpg 588w\" sizes=\"auto, (max-width: 100px) 100vw, 100px\" alt=\"\" title=\"CoopCity\"\/><\/a><\/div>\r\n        <div class=\"item-details\">\r\n            <h3 class=\"entry-title td-module-title\"><a href=\"https:\/\/entreprendrexxl.be\/fr\/coopcity\/\" rel=\"bookmark\" title=\"CoopCity\">CoopCity<\/a><\/h3>            <div class=\"td-module-meta-info\">\r\n                                                                            <\/div>\r\n        <\/div>\r\n\r\n        <\/div>\r\n\r\n        \n\t<\/div> <!-- .\/td-block-span12 -->\n\n\t<div class=\"td-block-span12\">\n\r\n        <div class=\"td_module_6 td_module_wrap td-animation-stack td-meta-info-hide\">\r\n\r\n        <div class=\"td-module-thumb\"><a href=\"https:\/\/entreprendrexxl.be\/fr\/mad\/\" rel=\"bookmark\" title=\"MAD\"><img loading=\"lazy\" decoding=\"async\" width=\"100\" height=\"70\" class=\"entry-thumb\" src=\"https:\/\/entreprendrexxl.be\/wp-content\/uploads\/2021\/01\/2021-02-02-MAD-HOME-OF-CREATORS-2-100x70.jpg\" srcset=\"https:\/\/entreprendrexxl.be\/wp-content\/uploads\/2021\/01\/2021-02-02-MAD-HOME-OF-CREATORS-2-100x70.jpg 100w, https:\/\/entreprendrexxl.be\/wp-content\/uploads\/2021\/01\/2021-02-02-MAD-HOME-OF-CREATORS-2-300x214.jpg 300w, https:\/\/entreprendrexxl.be\/wp-content\/uploads\/2021\/01\/2021-02-02-MAD-HOME-OF-CREATORS-2-218x150.jpg 218w, https:\/\/entreprendrexxl.be\/wp-content\/uploads\/2021\/01\/2021-02-02-MAD-HOME-OF-CREATORS-2-696x497.jpg 696w, https:\/\/entreprendrexxl.be\/wp-content\/uploads\/2021\/01\/2021-02-02-MAD-HOME-OF-CREATORS-2.jpg 700w, https:\/\/entreprendrexxl.be\/wp-content\/uploads\/2021\/01\/2021-02-02-MAD-HOME-OF-CREATORS-2-588x420.jpg 588w\" sizes=\"auto, (max-width: 100px) 100vw, 100px\" alt=\"\" title=\"MAD\"\/><\/a><\/div>\r\n        <div class=\"item-details\">\r\n            <h3 class=\"entry-title td-module-title\"><a href=\"https:\/\/entreprendrexxl.be\/fr\/mad\/\" rel=\"bookmark\" title=\"MAD\">MAD<\/a><\/h3>            <div class=\"td-module-meta-info\">\r\n                                                                            <\/div>\r\n        <\/div>\r\n\r\n        <\/div>\r\n\r\n        \n\t<\/div> <!-- .\/td-block-span12 -->\n\n\t<div class=\"td-block-span12\">\n\r\n        <div class=\"td_module_6 td_module_wrap td-animation-stack td-meta-info-hide\">\r\n\r\n        <div class=\"td-module-thumb\"><a href=\"https:\/\/entreprendrexxl.be\/fr\/hub-brussels\/\" rel=\"bookmark\" title=\"hub.brussels\"><img loading=\"lazy\" decoding=\"async\" width=\"100\" height=\"70\" class=\"entry-thumb\" src=\"https:\/\/entreprendrexxl.be\/wp-content\/uploads\/2021\/01\/2021-02-02-HUB-100x70.jpg\" srcset=\"https:\/\/entreprendrexxl.be\/wp-content\/uploads\/2021\/01\/2021-02-02-HUB-100x70.jpg 100w, https:\/\/entreprendrexxl.be\/wp-content\/uploads\/2021\/01\/2021-02-02-HUB-300x214.jpg 300w, https:\/\/entreprendrexxl.be\/wp-content\/uploads\/2021\/01\/2021-02-02-HUB-218x150.jpg 218w, https:\/\/entreprendrexxl.be\/wp-content\/uploads\/2021\/01\/2021-02-02-HUB-696x497.jpg 696w, https:\/\/entreprendrexxl.be\/wp-content\/uploads\/2021\/01\/2021-02-02-HUB.jpg 700w, https:\/\/entreprendrexxl.be\/wp-content\/uploads\/2021\/01\/2021-02-02-HUB-588x420.jpg 588w\" sizes=\"auto, (max-width: 100px) 100vw, 100px\" alt=\"\" title=\"hub.brussels\"\/><\/a><\/div>\r\n        <div class=\"item-details\">\r\n            <h3 class=\"entry-title td-module-title\"><a href=\"https:\/\/entreprendrexxl.be\/fr\/hub-brussels\/\" rel=\"bookmark\" title=\"hub.brussels\">hub.brussels<\/a><\/h3>            <div class=\"td-module-meta-info\">\r\n                                                                            <\/div>\r\n        <\/div>\r\n\r\n        <\/div>\r\n\r\n        \n\t<\/div> <!-- .\/td-block-span12 -->\n\n\t<div class=\"td-block-span12\">\n\r\n        <div class=\"td_module_6 td_module_wrap td-animation-stack td-meta-info-hide\">\r\n\r\n        <div class=\"td-module-thumb\"><a href=\"https:\/\/entreprendrexxl.be\/fr\/1819-brussels\/\" rel=\"bookmark\" title=\"Hub info &#8211; 1819.brussels\"><img loading=\"lazy\" decoding=\"async\" width=\"100\" height=\"70\" class=\"entry-thumb\" src=\"https:\/\/entreprendrexxl.be\/wp-content\/uploads\/2021\/01\/Plan-de-travail-6logo-hub-info-100x70.png\" srcset=\"https:\/\/entreprendrexxl.be\/wp-content\/uploads\/2021\/01\/Plan-de-travail-6logo-hub-info-100x70.png 100w, https:\/\/entreprendrexxl.be\/wp-content\/uploads\/2021\/01\/Plan-de-travail-6logo-hub-info-300x211.png 300w, https:\/\/entreprendrexxl.be\/wp-content\/uploads\/2021\/01\/Plan-de-travail-6logo-hub-info-768x539.png 768w, https:\/\/entreprendrexxl.be\/wp-content\/uploads\/2021\/01\/Plan-de-travail-6logo-hub-info-218x150.png 218w, https:\/\/entreprendrexxl.be\/wp-content\/uploads\/2021\/01\/Plan-de-travail-6logo-hub-info-696x488.png 696w, https:\/\/entreprendrexxl.be\/wp-content\/uploads\/2021\/01\/Plan-de-travail-6logo-hub-info-598x420.png 598w, https:\/\/entreprendrexxl.be\/wp-content\/uploads\/2021\/01\/Plan-de-travail-6logo-hub-info.png 1006w\" sizes=\"auto, (max-width: 100px) 100vw, 100px\" alt=\"\" title=\"Hub info &#8211; 1819.brussels\"\/><\/a><\/div>\r\n        <div class=\"item-details\">\r\n            <h3 class=\"entry-title td-module-title\"><a href=\"https:\/\/entreprendrexxl.be\/fr\/1819-brussels\/\" rel=\"bookmark\" title=\"Hub info &#8211; 1819.brussels\">Hub info &#8211; 1819.brussels<\/a><\/h3>            <div class=\"td-module-meta-info\">\r\n                                                                            <\/div>\r\n        <\/div>\r\n\r\n        <\/div>\r\n\r\n        \n\t<\/div> <!-- .\/td-block-span12 -->\n\n\t<div class=\"td-block-span12\">\n\r\n        <div class=\"td_module_6 td_module_wrap td-animation-stack td-meta-info-hide\">\r\n\r\n        <div class=\"td-module-thumb\"><a href=\"https:\/\/entreprendrexxl.be\/fr\/ixelles-dynamise-les-cellules-commerciales-vides\/\" rel=\"bookmark\" title=\"Ixelles dynamise les cellules commerciales vides\"><img loading=\"lazy\" decoding=\"async\" width=\"100\" height=\"70\" class=\"entry-thumb\" src=\"https:\/\/entreprendrexxl.be\/wp-content\/uploads\/2022\/03\/20220203_131059-1-100x70.jpg\" srcset=\"https:\/\/entreprendrexxl.be\/wp-content\/uploads\/2022\/03\/20220203_131059-1-100x70.jpg 100w, https:\/\/entreprendrexxl.be\/wp-content\/uploads\/2022\/03\/20220203_131059-1-218x150.jpg 218w\" sizes=\"auto, (max-width: 100px) 100vw, 100px\" alt=\"\" title=\"Ixelles dynamise les cellules commerciales vides\"\/><\/a><\/div>\r\n        <div class=\"item-details\">\r\n            <h3 class=\"entry-title td-module-title\"><a href=\"https:\/\/entreprendrexxl.be\/fr\/ixelles-dynamise-les-cellules-commerciales-vides\/\" rel=\"bookmark\" title=\"Ixelles dynamise les cellules commerciales vides\">Ixelles dynamise les cellules commerciales vides<\/a><\/h3>            <div class=\"td-module-meta-info\">\r\n                                                                            <\/div>\r\n        <\/div>\r\n\r\n        <\/div>\r\n\r\n        \n\t<\/div> <!-- .\/td-block-span12 --><\/div><\/div> <!-- .\/block -->[\/vc_column][\/vc_row][vc_row][vc_column][vc_custom_heading text=\u00a0\u00bb- PRENEZ CONTACT &#8211;\u00a0\u00bb font_container=\u00a0\u00bbtag:h1|font_size:30px|text_align:center|line_height:2%20px\u00a0\u00bb google_fonts=\u00a0\u00bbfont_family:Dosis%3A200%2C300%2Cregular%2C500%2C600%2C700%2C800|font_style:500%20bold%20regular%3A500%3Anormal\u00a0\u00bb css_animation=\u00a0\u00bbbounceInDown\u00a0\u00bb][vc_empty_space][\/vc_column][\/vc_row][vc_row][vc_column width=\u00a0\u00bb1\/3&Prime;][vc_gmaps link=\u00a0\u00bb#E-8_JTNDaWZyYW1lJTIwc3JjJTNEJTIyaHR0cHMlM0ElMkYlMkZ3d3cuZ29vZ2xlLmNvbSUyRm1hcHMlMkZlbWJlZCUzRnBiJTNEJTIxMW0xOCUyMTFtMTIlMjExbTMlMjExZDI1MTkuNzAwMzc1MTEyOTk4MiUyMTJkNC4zNjYwNjQxMDMzMzYyNTUlMjEzZDUwLjgzNjcxMzU4NzI0NTA5JTIxMm0zJTIxMWYwJTIxMmYwJTIxM2YwJTIxM20yJTIxMWkxMDI0JTIxMmk3NjglMjE0ZjEzLjElMjEzbTMlMjExbTIlMjExczB4NDdjM2M0OGY3OGRlM2MxNSUyNTNBMHg4MGMyNmI0NjdhOGNkM2RiJTIxMnNDaGF1c3MlMjVDMyUyNUE5ZSUyNTIwZGUlMjUyMFdhdnJlJTI1MjA4MyUyNTJDJTI1MjAxMDUwJTI1MjBJeGVsbGVzJTIxNWUwJTIxM20yJTIxMXNmciUyMTJzYmUlMjE0djE2MTAxMTU1MzM2MzQlMjE1bTIlMjExc2ZyJTIxMnNiZSUyMiUyMHdpZHRoJTNEJTIyNjAwJTIyJTIwaGVpZ2h0JTNEJTIyNDUwJTIyJTIwZnJhbWVib3JkZXIlM0QlMjIwJTIyJTIwc3R5bGUlM0QlMjJib3JkZXIlM0EwJTNCJTIyJTIwYWxsb3dmdWxsc2NyZWVuJTNEJTIyJTIyJTIwYXJpYS1oaWRkZW4lM0QlMjJmYWxzZSUyMiUyMHRhYmluZGV4JTNEJTIyMCUyMiUzRSUzQyUyRmlmcmFtZSUzRQ==\u00a0\u00bb][\/vc_column][vc_column width=\u00a0\u00bb2\/3&Prime;][vc_raw_html]JTVCZm9ybWlkYWJsZSUyMGlkJTNENCU1RA==[\/vc_raw_html][\/vc_column][\/vc_row]<\/p>\n","protected":false},"excerpt":{"rendered":"<p>[vc_row full_width=\u00a0\u00bbstretch_row\u00a0\u00bb full_height=\u00a0\u00bbyes\u00a0\u00bb css=\u00a0\u00bb.vc_custom_1513783051567{margin-top: -50px !important;}\u00a0\u00bb][vc_column][vc_images_carousel images=\u00a0\u00bb733,509,256&Prime; img_size=\u00a0\u00bbfull\u00a0\u00bb onclick=\u00a0\u00bblink_no\u00a0\u00bb autoplay=\u00a0\u00bbyes\u00a0\u00bb hide_pagination_control=\u00a0\u00bbyes\u00a0\u00bb wrap=\u00a0\u00bbyes\u00a0\u00bb][\/vc_column][\/vc_row][vc_row full_height=\u00a0\u00bbyes\u00a0\u00bb equal_height=\u00a0\u00bbyes\u00a0\u00bb content_placement=\u00a0\u00bbmiddle\u00a0\u00bb css=\u00a0\u00bb.vc_custom_1513783175177{margin-top: -50px !important;padding-top: 10px !important;padding-bottom: 10px !important;}\u00a0\u00bb][vc_column][vc_empty_space][vc_custom_heading text=\u00a0\u00bb- QUI SOMMES-NOUS &#8211;\u00a0\u00bb font_container=\u00a0\u00bbtag:h1|font_size:30px|text_align:center|line_height:2%20px\u00a0\u00bb google_fonts=\u00a0\u00bbfont_family:Dosis%3A200%2C300%2Cregular%2C500%2C600%2C700%2C800|font_style:600%20bold%20regular%3A600%3Anormal\u00a0\u00bb css_animation=\u00a0\u00bbbounceInDown\u00a0\u00bb][vc_empty_space][vc_row_inner][vc_column_inner][vc_column_text]L\u2019ASBL Entreprendre XXL est une ASBL communale d\u00e9pendant du service Commerce et D\u00e9veloppement \u00e9conomique de la commune d\u2019Ixelles. Son objectif\u00a0? Soutenir l\u2019entrepreneuriat et les porteuses et porteurs [&hellip;]<\/p>\n","protected":false},"author":1,"featured_media":0,"parent":0,"menu_order":0,"comment_status":"closed","ping_status":"closed","template":"","meta":{"footnotes":""},"class_list":["post-18","page","type-page","status-publish","hentry"],"_links":{"self":[{"href":"https:\/\/entreprendrexxl.be\/fr\/wp-json\/wp\/v2\/pages\/18","targetHints":{"allow":["GET"]}}],"collection":[{"href":"https:\/\/entreprendrexxl.be\/fr\/wp-json\/wp\/v2\/pages"}],"about":[{"href":"https:\/\/entreprendrexxl.be\/fr\/wp-json\/wp\/v2\/types\/page"}],"author":[{"embeddable":true,"href":"https:\/\/entreprendrexxl.be\/fr\/wp-json\/wp\/v2\/users\/1"}],"replies":[{"embeddable":true,"href":"https:\/\/entreprendrexxl.be\/fr\/wp-json\/wp\/v2\/comments?post=18"}],"version-history":[{"count":140,"href":"https:\/\/entreprendrexxl.be\/fr\/wp-json\/wp\/v2\/pages\/18\/revisions"}],"predecessor-version":[{"id":1400,"href":"https:\/\/entreprendrexxl.be\/fr\/wp-json\/wp\/v2\/pages\/18\/revisions\/1400"}],"wp:attachment":[{"href":"https:\/\/entreprendrexxl.be\/fr\/wp-json\/wp\/v2\/media?parent=18"}],"curies":[{"name":"wp","href":"https:\/\/api.w.org\/{rel}","templated":true}]}}